{"id":4768,"date":"2021-10-19T04:02:06","date_gmt":"2021-10-19T04:02:06","guid":{"rendered":"https:\/\/hara.thembaydev.com\/demo-3\/?page_id=41"},"modified":"2021-10-19T04:02:06","modified_gmt":"2021-10-19T04:02:06","slug":"oder-tracking-2","status":"publish","type":"page","link":"https:\/\/www.motherandsisters.com\/?page_id=4768","title":{"rendered":"Oder Tracking"},"content":{"rendered":"<div class=\"woocommerce\">\n<form action=\"https:\/\/www.motherandsisters.com\/?page_id=4768\" method=\"post\" class=\"woocommerce-form woocommerce-form-track-order track_order\">\n\n\t\n\t<p>Pour suivre votre commande veuillez saisir votre ID de commande dans la boite ci-dessous et cliquer le bouton \u00ab\u00a0Suivre\u00a0\u00bb. Il vous a \u00e9t\u00e9 donn\u00e9 sur votre re\u00e7u et dans l\u2019e-mail de confirmation que vous avez du recevoir.<\/p>\n\n\t<p class=\"form-row form-row-first\"><label for=\"orderid\">N&deg; de commande<\/label> <input class=\"input-text\" type=\"text\" name=\"orderid\" id=\"orderid\" value=\"\" placeholder=\"Pr\u00e9sent dans l\u2019e-mail de confirmation de commande.\" \/><\/p>\t<p class=\"form-row form-row-last\"><label for=\"order_email\">E-mail de facturation<\/label> <input class=\"input-text\" type=\"text\" name=\"order_email\" id=\"order_email\" value=\"\" placeholder=\"E-mail utilis\u00e9 pour la commande.\" \/><\/p>\t<div class=\"clear\"><\/div>\n\n\t\n\t<p class=\"form-row\"><button type=\"submit\" class=\"button\" name=\"track\" value=\"Suivre\">Suivre<\/button><\/p>\n\t<input type=\"hidden\" id=\"woocommerce-order-tracking-nonce\" name=\"woocommerce-order-tracking-nonce\" value=\"637325fcae\" \/><input type=\"hidden\" name=\"_wp_http_referer\" value=\"\/index.php?rest_route=%2Fwp%2Fv2%2Fpages%2F4768\" \/>\n\t\n<\/form>\n<\/div>\n","protected":false},"excerpt":{"rendered":"","protected":false},"author":1,"featured_media":0,"parent":0,"menu_order":0,"comment_status":"closed","ping_status":"closed","template":"","meta":{"footnotes":""},"class_list":["post-4768","page","type-page","status-publish","hentry"],"yoast_head":"<!-- This site is optimized with the Yoast SEO plugin v27.3 - https:\/\/yoast.com\/product\/yoast-seo-wordpress\/ -->\n<title>Oder Tracking - Mother &amp; Sisters<\/title>\n<meta name=\"robots\" content=\"noindex, follow, max-snippet:-1, max-image-preview:large, max-video-preview:-1\" \/>\n<meta property=\"og:locale\" content=\"fr_FR\" \/>\n<meta property=\"og:type\" content=\"article\" \/>\n<meta property=\"og:title\" content=\"Oder Tracking - Mother &amp; Sisters\" \/>\n<meta property=\"og:url\" content=\"https:\/\/www.motherandsisters.com\/?page_id=4768\" \/>\n<meta property=\"og:site_name\" content=\"Mother &amp; Sisters\" \/>\n<meta name=\"twitter:card\" content=\"summary_large_image\" \/>\n<script type=\"application\/ld+json\" class=\"yoast-schema-graph\">{\"@context\":\"https:\\\/\\\/schema.org\",\"@graph\":[{\"@type\":\"WebPage\",\"@id\":\"https:\\\/\\\/www.motherandsisters.com\\\/?page_id=4768\",\"url\":\"https:\\\/\\\/www.motherandsisters.com\\\/?page_id=4768\",\"name\":\"Oder Tracking - Mother &amp; Sisters\",\"isPartOf\":{\"@id\":\"https:\\\/\\\/www.motherandsisters.com\\\/#website\"},\"datePublished\":\"2021-10-19T04:02:06+00:00\",\"breadcrumb\":{\"@id\":\"https:\\\/\\\/www.motherandsisters.com\\\/?page_id=4768#breadcrumb\"},\"inLanguage\":\"fr-FR\",\"potentialAction\":[{\"@type\":\"ReadAction\",\"target\":[\"https:\\\/\\\/www.motherandsisters.com\\\/?page_id=4768\"]}]},{\"@type\":\"BreadcrumbList\",\"@id\":\"https:\\\/\\\/www.motherandsisters.com\\\/?page_id=4768#breadcrumb\",\"itemListElement\":[{\"@type\":\"ListItem\",\"position\":1,\"name\":\"Accueil\",\"item\":\"https:\\\/\\\/www.motherandsisters.com\\\/\"},{\"@type\":\"ListItem\",\"position\":2,\"name\":\"Oder Tracking\"}]},{\"@type\":\"WebSite\",\"@id\":\"https:\\\/\\\/www.motherandsisters.com\\\/#website\",\"url\":\"https:\\\/\\\/www.motherandsisters.com\\\/\",\"name\":\"Mother &amp; Sisters\",\"description\":\"\",\"potentialAction\":[{\"@type\":\"SearchAction\",\"target\":{\"@type\":\"EntryPoint\",\"urlTemplate\":\"https:\\\/\\\/www.motherandsisters.com\\\/?s={search_term_string}\"},\"query-input\":{\"@type\":\"PropertyValueSpecification\",\"valueRequired\":true,\"valueName\":\"search_term_string\"}}],\"inLanguage\":\"fr-FR\"}]}<\/script>\n<!-- \/ Yoast SEO plugin. -->","yoast_head_json":{"title":"Oder Tracking - Mother &amp; Sisters","robots":{"index":"noindex","follow":"follow","max-snippet":"max-snippet:-1","max-image-preview":"max-image-preview:large","max-video-preview":"max-video-preview:-1"},"og_locale":"fr_FR","og_type":"article","og_title":"Oder Tracking - Mother &amp; Sisters","og_url":"https:\/\/www.motherandsisters.com\/?page_id=4768","og_site_name":"Mother &amp; Sisters","twitter_card":"summary_large_image","schema":{"@context":"https:\/\/schema.org","@graph":[{"@type":"WebPage","@id":"https:\/\/www.motherandsisters.com\/?page_id=4768","url":"https:\/\/www.motherandsisters.com\/?page_id=4768","name":"Oder Tracking - Mother &amp; Sisters","isPartOf":{"@id":"https:\/\/www.motherandsisters.com\/#website"},"datePublished":"2021-10-19T04:02:06+00:00","breadcrumb":{"@id":"https:\/\/www.motherandsisters.com\/?page_id=4768#breadcrumb"},"inLanguage":"fr-FR","potentialAction":[{"@type":"ReadAction","target":["https:\/\/www.motherandsisters.com\/?page_id=4768"]}]},{"@type":"BreadcrumbList","@id":"https:\/\/www.motherandsisters.com\/?page_id=4768#breadcrumb","itemListElement":[{"@type":"ListItem","position":1,"name":"Accueil","item":"https:\/\/www.motherandsisters.com\/"},{"@type":"ListItem","position":2,"name":"Oder Tracking"}]},{"@type":"WebSite","@id":"https:\/\/www.motherandsisters.com\/#website","url":"https:\/\/www.motherandsisters.com\/","name":"Mother &amp; Sisters","description":"","potentialAction":[{"@type":"SearchAction","target":{"@type":"EntryPoint","urlTemplate":"https:\/\/www.motherandsisters.com\/?s={search_term_string}"},"query-input":{"@type":"PropertyValueSpecification","valueRequired":true,"valueName":"search_term_string"}}],"inLanguage":"fr-FR"}]}},"_links":{"self":[{"href":"https:\/\/www.motherandsisters.com\/index.php?rest_route=\/wp\/v2\/pages\/4768","targetHints":{"allow":["GET"]}}],"collection":[{"href":"https:\/\/www.motherandsisters.com\/index.php?rest_route=\/wp\/v2\/pages"}],"about":[{"href":"https:\/\/www.motherandsisters.com\/index.php?rest_route=\/wp\/v2\/types\/page"}],"author":[{"embeddable":true,"href":"https:\/\/www.motherandsisters.com\/index.php?rest_route=\/wp\/v2\/users\/1"}],"replies":[{"embeddable":true,"href":"https:\/\/www.motherandsisters.com\/index.php?rest_route=%2Fwp%2Fv2%2Fcomments&post=4768"}],"version-history":[{"count":0,"href":"https:\/\/www.motherandsisters.com\/index.php?rest_route=\/wp\/v2\/pages\/4768\/revisions"}],"wp:attachment":[{"href":"https:\/\/www.motherandsisters.com\/index.php?rest_route=%2Fwp%2Fv2%2Fmedia&parent=4768"}],"curies":[{"name":"wp","href":"https:\/\/api.w.org\/{rel}","templated":true}]}}