{"id":5831,"date":"2024-03-14T11:27:54","date_gmt":"2024-03-14T10:27:54","guid":{"rendered":"https:\/\/www.motherandsisters.com\/?post_type=product&#038;p=5831"},"modified":"2025-03-10T21:02:07","modified_gmt":"2025-03-10T20:02:07","slug":"kaftan-karachi-blue","status":"publish","type":"product","link":"https:\/\/www.motherandsisters.com\/?product=kaftan-karachi-blue","title":{"rendered":"Kaftan Karachi BLUE"},"content":{"rendered":"<p>Enti\u00e8rement confectionn\u00e9e \u00e0 la main, cette pi\u00e8ce n\u00e9cessite 2 jours de travail \u00e0 la main et un travail cr\u00e9ation unique de combinaisons de tissus.<br \/>\nLes imprim\u00e9s sont assembl\u00e9s et s\u00e9lectionn\u00e9s avec soin par notre \u00e9quipe de cr\u00e9ation qui travail \u00e0 rendre unique chaque pi\u00e8ce.<\/p>\n","protected":false},"excerpt":{"rendered":"<p>Enti\u00e8rement confectionn\u00e9e \u00e0 la main, cette pi\u00e8ce n\u00e9cessite 2 jours de travail \u00e0 la main et un travail cr\u00e9ation unique de combinaisons de tissus. Les imprim\u00e9s sont assembl\u00e9s et s\u00e9lectionn\u00e9s avec soin par notre \u00e9quipe de cr\u00e9ation qui travail \u00e0 rendre unique chaque pi\u00e8ce.<\/p>\n","protected":false},"featured_media":5832,"comment_status":"open","ping_status":"closed","template":"","meta":[],"product_brand":[],"product_cat":[114,104],"product_tag":[],"class_list":{"0":"post-5831","1":"product","2":"type-product","3":"status-publish","4":"has-post-thumbnail","6":"product_cat-kaftan","7":"product_cat-women","10":"outofstock","11":"shipping-taxable","12":"purchasable","13":"product-type-simple"},"yoast_head":"<!-- This site is optimized with the Yoast SEO plugin v27.3 - https:\/\/yoast.com\/product\/yoast-seo-wordpress\/ -->\n<title>Kaftan Karachi BLUE - Mother &amp; Sisters<\/title>\n<meta name=\"robots\" content=\"noindex, follow, max-snippet:-1, max-image-preview:large, max-video-preview:-1\" \/>\n<meta property=\"og:locale\" content=\"fr_FR\" \/>\n<meta property=\"og:type\" content=\"article\" \/>\n<meta property=\"og:title\" content=\"Kaftan Karachi BLUE - Mother &amp; Sisters\" \/>\n<meta property=\"og:description\" content=\"Enti\u00e8rement confectionn\u00e9e \u00e0 la main, cette pi\u00e8ce n\u00e9cessite 2 jours de travail \u00e0 la main et un travail cr\u00e9ation unique de combinaisons de tissus. Les imprim\u00e9s sont assembl\u00e9s et s\u00e9lectionn\u00e9s avec soin par notre \u00e9quipe de cr\u00e9ation qui travail \u00e0 rendre unique chaque pi\u00e8ce.\" \/>\n<meta property=\"og:url\" content=\"https:\/\/www.motherandsisters.com\/?product=kaftan-karachi-blue\" \/>\n<meta property=\"og:site_name\" content=\"Mother &amp; Sisters\" \/>\n<meta property=\"article:modified_time\" content=\"2025-03-10T20:02:07+00:00\" \/>\n<meta property=\"og:image\" content=\"https:\/\/www.motherandsisters.com\/wp-content\/uploads\/2024\/03\/1-2.jpeg\" \/>\n\t<meta property=\"og:image:width\" content=\"1200\" \/>\n\t<meta property=\"og:image:height\" content=\"1600\" \/>\n\t<meta property=\"og:image:type\" content=\"image\/jpeg\" \/>\n<meta name=\"twitter:card\" content=\"summary_large_image\" \/>\n<script type=\"application\/ld+json\" class=\"yoast-schema-graph\">{\"@context\":\"https:\\\/\\\/schema.org\",\"@graph\":[{\"@type\":\"WebPage\",\"@id\":\"https:\\\/\\\/www.motherandsisters.com\\\/?product=kaftan-karachi-blue\",\"url\":\"https:\\\/\\\/www.motherandsisters.com\\\/?product=kaftan-karachi-blue\",\"name\":\"Kaftan Karachi BLUE - Mother &amp; Sisters\",\"isPartOf\":{\"@id\":\"https:\\\/\\\/www.motherandsisters.com\\\/#website\"},\"primaryImageOfPage\":{\"@id\":\"https:\\\/\\\/www.motherandsisters.com\\\/?product=kaftan-karachi-blue#primaryimage\"},\"image\":{\"@id\":\"https:\\\/\\\/www.motherandsisters.com\\\/?product=kaftan-karachi-blue#primaryimage\"},\"thumbnailUrl\":\"https:\\\/\\\/www.motherandsisters.com\\\/wp-content\\\/uploads\\\/2024\\\/03\\\/1-2.jpeg\",\"datePublished\":\"2024-03-14T10:27:54+00:00\",\"dateModified\":\"2025-03-10T20:02:07+00:00\",\"breadcrumb\":{\"@id\":\"https:\\\/\\\/www.motherandsisters.com\\\/?product=kaftan-karachi-blue#breadcrumb\"},\"inLanguage\":\"fr-FR\",\"potentialAction\":[{\"@type\":\"ReadAction\",\"target\":[\"https:\\\/\\\/www.motherandsisters.com\\\/?product=kaftan-karachi-blue\"]}]},{\"@type\":\"ImageObject\",\"inLanguage\":\"fr-FR\",\"@id\":\"https:\\\/\\\/www.motherandsisters.com\\\/?product=kaftan-karachi-blue#primaryimage\",\"url\":\"https:\\\/\\\/www.motherandsisters.com\\\/wp-content\\\/uploads\\\/2024\\\/03\\\/1-2.jpeg\",\"contentUrl\":\"https:\\\/\\\/www.motherandsisters.com\\\/wp-content\\\/uploads\\\/2024\\\/03\\\/1-2.jpeg\",\"width\":1200,\"height\":1600},{\"@type\":\"BreadcrumbList\",\"@id\":\"https:\\\/\\\/www.motherandsisters.com\\\/?product=kaftan-karachi-blue#breadcrumb\",\"itemListElement\":[{\"@type\":\"ListItem\",\"position\":1,\"name\":\"Accueil\",\"item\":\"https:\\\/\\\/www.motherandsisters.com\\\/\"},{\"@type\":\"ListItem\",\"position\":2,\"name\":\"Boutique\",\"item\":\"https:\\\/\\\/www.motherandsisters.com\\\/?page_id=9\"},{\"@type\":\"ListItem\",\"position\":3,\"name\":\"Kaftan Karachi BLUE\"}]},{\"@type\":\"WebSite\",\"@id\":\"https:\\\/\\\/www.motherandsisters.com\\\/#website\",\"url\":\"https:\\\/\\\/www.motherandsisters.com\\\/\",\"name\":\"Mother &amp; Sisters\",\"description\":\"\",\"potentialAction\":[{\"@type\":\"SearchAction\",\"target\":{\"@type\":\"EntryPoint\",\"urlTemplate\":\"https:\\\/\\\/www.motherandsisters.com\\\/?s={search_term_string}\"},\"query-input\":{\"@type\":\"PropertyValueSpecification\",\"valueRequired\":true,\"valueName\":\"search_term_string\"}}],\"inLanguage\":\"fr-FR\"}]}<\/script>\n<!-- \/ Yoast SEO plugin. -->","yoast_head_json":{"title":"Kaftan Karachi BLUE - Mother &amp; Sisters","robots":{"index":"noindex","follow":"follow","max-snippet":"max-snippet:-1","max-image-preview":"max-image-preview:large","max-video-preview":"max-video-preview:-1"},"og_locale":"fr_FR","og_type":"article","og_title":"Kaftan Karachi BLUE - Mother &amp; Sisters","og_description":"Enti\u00e8rement confectionn\u00e9e \u00e0 la main, cette pi\u00e8ce n\u00e9cessite 2 jours de travail \u00e0 la main et un travail cr\u00e9ation unique de combinaisons de tissus. Les imprim\u00e9s sont assembl\u00e9s et s\u00e9lectionn\u00e9s avec soin par notre \u00e9quipe de cr\u00e9ation qui travail \u00e0 rendre unique chaque pi\u00e8ce.","og_url":"https:\/\/www.motherandsisters.com\/?product=kaftan-karachi-blue","og_site_name":"Mother &amp; Sisters","article_modified_time":"2025-03-10T20:02:07+00:00","og_image":[{"width":1200,"height":1600,"url":"https:\/\/www.motherandsisters.com\/wp-content\/uploads\/2024\/03\/1-2.jpeg","type":"image\/jpeg"}],"twitter_card":"summary_large_image","schema":{"@context":"https:\/\/schema.org","@graph":[{"@type":"WebPage","@id":"https:\/\/www.motherandsisters.com\/?product=kaftan-karachi-blue","url":"https:\/\/www.motherandsisters.com\/?product=kaftan-karachi-blue","name":"Kaftan Karachi BLUE - Mother &amp; Sisters","isPartOf":{"@id":"https:\/\/www.motherandsisters.com\/#website"},"primaryImageOfPage":{"@id":"https:\/\/www.motherandsisters.com\/?product=kaftan-karachi-blue#primaryimage"},"image":{"@id":"https:\/\/www.motherandsisters.com\/?product=kaftan-karachi-blue#primaryimage"},"thumbnailUrl":"https:\/\/www.motherandsisters.com\/wp-content\/uploads\/2024\/03\/1-2.jpeg","datePublished":"2024-03-14T10:27:54+00:00","dateModified":"2025-03-10T20:02:07+00:00","breadcrumb":{"@id":"https:\/\/www.motherandsisters.com\/?product=kaftan-karachi-blue#breadcrumb"},"inLanguage":"fr-FR","potentialAction":[{"@type":"ReadAction","target":["https:\/\/www.motherandsisters.com\/?product=kaftan-karachi-blue"]}]},{"@type":"ImageObject","inLanguage":"fr-FR","@id":"https:\/\/www.motherandsisters.com\/?product=kaftan-karachi-blue#primaryimage","url":"https:\/\/www.motherandsisters.com\/wp-content\/uploads\/2024\/03\/1-2.jpeg","contentUrl":"https:\/\/www.motherandsisters.com\/wp-content\/uploads\/2024\/03\/1-2.jpeg","width":1200,"height":1600},{"@type":"BreadcrumbList","@id":"https:\/\/www.motherandsisters.com\/?product=kaftan-karachi-blue#breadcrumb","itemListElement":[{"@type":"ListItem","position":1,"name":"Accueil","item":"https:\/\/www.motherandsisters.com\/"},{"@type":"ListItem","position":2,"name":"Boutique","item":"https:\/\/www.motherandsisters.com\/?page_id=9"},{"@type":"ListItem","position":3,"name":"Kaftan Karachi BLUE"}]},{"@type":"WebSite","@id":"https:\/\/www.motherandsisters.com\/#website","url":"https:\/\/www.motherandsisters.com\/","name":"Mother &amp; Sisters","description":"","potentialAction":[{"@type":"SearchAction","target":{"@type":"EntryPoint","urlTemplate":"https:\/\/www.motherandsisters.com\/?s={search_term_string}"},"query-input":{"@type":"PropertyValueSpecification","valueRequired":true,"valueName":"search_term_string"}}],"inLanguage":"fr-FR"}]}},"_links":{"self":[{"href":"https:\/\/www.motherandsisters.com\/index.php?rest_route=\/wp\/v2\/product\/5831","targetHints":{"allow":["GET"]}}],"collection":[{"href":"https:\/\/www.motherandsisters.com\/index.php?rest_route=\/wp\/v2\/product"}],"about":[{"href":"https:\/\/www.motherandsisters.com\/index.php?rest_route=\/wp\/v2\/types\/product"}],"replies":[{"embeddable":true,"href":"https:\/\/www.motherandsisters.com\/index.php?rest_route=%2Fwp%2Fv2%2Fcomments&post=5831"}],"version-history":[{"count":2,"href":"https:\/\/www.motherandsisters.com\/index.php?rest_route=\/wp\/v2\/product\/5831\/revisions"}],"predecessor-version":[{"id":5838,"href":"https:\/\/www.motherandsisters.com\/index.php?rest_route=\/wp\/v2\/product\/5831\/revisions\/5838"}],"wp:featuredmedia":[{"embeddable":true,"href":"https:\/\/www.motherandsisters.com\/index.php?rest_route=\/wp\/v2\/media\/5832"}],"wp:attachment":[{"href":"https:\/\/www.motherandsisters.com\/index.php?rest_route=%2Fwp%2Fv2%2Fmedia&parent=5831"}],"wp:term":[{"taxonomy":"product_brand","embeddable":true,"href":"https:\/\/www.motherandsisters.com\/index.php?rest_route=%2Fwp%2Fv2%2Fproduct_brand&post=5831"},{"taxonomy":"product_cat","embeddable":true,"href":"https:\/\/www.motherandsisters.com\/index.php?rest_route=%2Fwp%2Fv2%2Fproduct_cat&post=5831"},{"taxonomy":"product_tag","embeddable":true,"href":"https:\/\/www.motherandsisters.com\/index.php?rest_route=%2Fwp%2Fv2%2Fproduct_tag&post=5831"}],"curies":[{"name":"wp","href":"https:\/\/api.w.org\/{rel}","templated":true}]}}